{"id":15,"date":"2021-03-07T15:45:15","date_gmt":"2021-03-07T14:45:15","guid":{"rendered":"https:\/\/simonyan-uebersetzungen.de\/fr\/?page_id=15"},"modified":"2023-04-13T11:21:06","modified_gmt":"2023-04-13T09:21:06","slug":"ueber-uns","status":"publish","type":"page","link":"https:\/\/simonyan-uebersetzungen.de\/fr\/ueber-uns\/","title":{"rendered":"\u00dcBER UNS"},"content":{"rendered":"\t\t<div data-elementor-type=\"wp-page\" data-elementor-id=\"15\" class=\"elementor elementor-15\" data-elementor-settings=\"{&quot;ha_cmc_init_switcher&quot;:&quot;no&quot;}\">\n\t\t\t\t\t\t<section class=\"elementor-section elementor-top-section elementor-element elementor-element-485fdbe elementor-section-full_width elementor-section-height-default elementor-section-height-default\" data-id=\"485fdbe\" data-element_type=\"section\" data-e-type=\"section\" data-settings=\"{&quot;_ha_eqh_enable&quot;:false}\">\n\t\t\t\t\t\t<div class=\"elementor-container elementor-column-gap-default\">\n\t\t\t\t\t<div class=\"elementor-column elementor-col-100 elementor-top-column elementor-element elementor-element-21d36ba\" data-id=\"21d36ba\" data-element_type=\"column\" data-e-type=\"column\" data-settings=\"{&quot;background_background&quot;:&quot;classic&quot;}\">\n\t\t\t<div class=\"elementor-widget-wrap elementor-element-populated\">\n\t\t\t\t\t\t<div class=\"elementor-element elementor-element-4c9f483 elementor-widget elementor-widget-spacer\" data-id=\"4c9f483\" data-element_type=\"widget\" data-e-type=\"widget\" data-widget_type=\"spacer.default\">\n\t\t\t\t<div class=\"elementor-widget-container\">\n\t\t\t\t\t\t\t<div class=\"elementor-spacer\">\n\t\t\t<div class=\"elementor-spacer-inner\"><\/div>\n\t\t<\/div>\n\t\t\t\t\t\t<\/div>\n\t\t\t\t<\/div>\n\t\t\t\t<div class=\"elementor-element elementor-element-60cefc3 ha-has-bg-overlay elementor-widget elementor-widget-heading\" data-id=\"60cefc3\" data-element_type=\"widget\" data-e-type=\"widget\" data-widget_type=\"heading.default\">\n\t\t\t\t<div class=\"elementor-widget-container\">\n\t\t\t\t\t<h2 class=\"elementor-heading-title elementor-size-default\">A propos de nous<\/h2>\t\t\t\t<\/div>\n\t\t\t\t<\/div>\n\t\t\t\t\t<\/div>\n\t\t<\/div>\n\t\t\t\t\t<\/div>\n\t\t<\/section>\n\t\t\t\t<section class=\"elementor-section elementor-top-section elementor-element elementor-element-50986de elementor-section-full_width elementor-section-height-default elementor-section-height-default\" data-id=\"50986de\" data-element_type=\"section\" data-e-type=\"section\" data-settings=\"{&quot;_ha_eqh_enable&quot;:false}\">\n\t\t\t\t\t\t<div class=\"elementor-container elementor-column-gap-extended\">\n\t\t\t\t\t<div class=\"elementor-column elementor-col-33 elementor-top-column elementor-element elementor-element-32421af\" data-id=\"32421af\" data-element_type=\"column\" data-e-type=\"column\" data-settings=\"{&quot;background_background&quot;:&quot;classic&quot;}\">\n\t\t\t<div class=\"elementor-widget-wrap elementor-element-populated\">\n\t\t\t\t\t\t<div class=\"elementor-element elementor-element-cee3e23 elementor-widget elementor-widget-text-editor\" data-id=\"cee3e23\" data-element_type=\"widget\" data-e-type=\"widget\" data-widget_type=\"text-editor.default\">\n\t\t\t\t<div class=\"elementor-widget-container\">\n\t\t\t\t\t\t\t\t\t<div class=\"page\" title=\"Page 1\"><div class=\"section\"><div class=\"layoutArea\"><div class=\"column\"><h3>Management<\/h3><\/div><\/div><\/div><\/div>\t\t\t\t\t\t\t\t<\/div>\n\t\t\t\t<\/div>\n\t\t\t\t<div class=\"elementor-element elementor-element-4cbfcf9 elementor-widget elementor-widget-image\" data-id=\"4cbfcf9\" data-element_type=\"widget\" data-e-type=\"widget\" data-widget_type=\"image.default\">\n\t\t\t\t<div class=\"elementor-widget-container\">\n\t\t\t\t\t\t\t\t\t\t\t\t\t\t\t<img fetchpriority=\"high\" decoding=\"async\" width=\"199\" height=\"300\" src=\"https:\/\/simonyan-uebersetzungen.de\/fr\/wp-content\/uploads\/sites\/19\/2021\/03\/77-199x300-1.jpg\" class=\"attachment-full size-full wp-image-387\" alt=\"\" \/>\t\t\t\t\t\t\t\t\t\t\t\t\t\t\t<\/div>\n\t\t\t\t<\/div>\n\t\t\t\t<div class=\"elementor-element elementor-element-4f0ec21 elementor-widget elementor-widget-text-editor\" data-id=\"4f0ec21\" data-element_type=\"widget\" data-e-type=\"widget\" data-widget_type=\"text-editor.default\">\n\t\t\t\t<div class=\"elementor-widget-container\">\n\t\t\t\t\t\t\t\t\t<div class=\"page\" title=\"Page 1\"><div class=\"section\"><div class=\"layoutArea\"><div class=\"column\"><h4>Arman SIMONYAN<\/h4><div class=\"page\" title=\"Page 1\"><div class=\"section\"><div class=\"layoutArea\"><div class=\"column\"><p><strong><span style=\"color: #000000;\">Interpr\u00e8te asserment\u00e9 <\/span><\/strong><br \/><strong><span style=\"color: #000000;\">Traducteur autoris\u00e9<\/span><\/strong><\/p><\/div><\/div><\/div><\/div><\/div><\/div><\/div><\/div>\t\t\t\t\t\t\t\t<\/div>\n\t\t\t\t<\/div>\n\t\t\t\t\t<\/div>\n\t\t<\/div>\n\t\t\t\t<div class=\"elementor-column elementor-col-33 elementor-top-column elementor-element elementor-element-dbd1246\" data-id=\"dbd1246\" data-element_type=\"column\" data-e-type=\"column\">\n\t\t\t<div class=\"elementor-widget-wrap elementor-element-populated\">\n\t\t\t\t\t\t<section class=\"elementor-section elementor-inner-section elementor-element elementor-element-6e8f09a elementor-section-boxed elementor-section-height-default elementor-section-height-default\" data-id=\"6e8f09a\" data-element_type=\"section\" data-e-type=\"section\" data-settings=\"{&quot;_ha_eqh_enable&quot;:false}\">\n\t\t\t\t\t\t<div class=\"elementor-container elementor-column-gap-default\">\n\t\t\t\t\t<div class=\"elementor-column elementor-col-100 elementor-inner-column elementor-element elementor-element-9cae703\" data-id=\"9cae703\" data-element_type=\"column\" data-e-type=\"column\">\n\t\t\t<div class=\"elementor-widget-wrap elementor-element-populated\">\n\t\t\t\t\t\t<div class=\"elementor-element elementor-element-394189e elementor-widget elementor-widget-text-editor\" data-id=\"394189e\" data-element_type=\"widget\" data-e-type=\"widget\" data-widget_type=\"text-editor.default\">\n\t\t\t\t<div class=\"elementor-widget-container\">\n\t\t\t\t\t\t\t\t\t<div class=\"page\" title=\"Page 1\"><div class=\"section\"><div class=\"layoutArea\"><div class=\"column\"><p><span style=\"color: #000000;\"><strong>A&amp;L Simonyan Translation Office<\/strong> est une filiale de SIMONYAN Enterprise Company et op\u00e8re depuis 2001. Notre objectif principal est de fournir \u00e0 nos clients des services de traduction rapides et de haute qualit\u00e9. Le service de notre bureau de traduction est sollicit\u00e9 par diverses organisations commerciales, des minist\u00e8res et des particuliers. Nous traduisons des textes techniques, m\u00e9dicaux et juridiques, des contrats, des documents, etc.<br \/><\/span><\/p><\/div><\/div><\/div><\/div>\t\t\t\t\t\t\t\t<\/div>\n\t\t\t\t<\/div>\n\t\t\t\t\t<\/div>\n\t\t<\/div>\n\t\t\t\t\t<\/div>\n\t\t<\/section>\n\t\t\t\t<section class=\"elementor-section elementor-inner-section elementor-element elementor-element-533153a elementor-section-boxed elementor-section-height-default elementor-section-height-default\" data-id=\"533153a\" data-element_type=\"section\" data-e-type=\"section\" data-settings=\"{&quot;_ha_eqh_enable&quot;:false}\">\n\t\t\t\t\t\t<div class=\"elementor-container elementor-column-gap-default\">\n\t\t\t\t\t<div class=\"elementor-column elementor-col-50 elementor-inner-column elementor-element elementor-element-8b3d522\" data-id=\"8b3d522\" data-element_type=\"column\" data-e-type=\"column\">\n\t\t\t<div class=\"elementor-widget-wrap elementor-element-populated\">\n\t\t\t\t\t\t<div class=\"elementor-element elementor-element-08c0a10 elementor-widget elementor-widget-text-editor\" data-id=\"08c0a10\" data-element_type=\"widget\" data-e-type=\"widget\" data-widget_type=\"text-editor.default\">\n\t\t\t\t<div class=\"elementor-widget-container\">\n\t\t\t\t\t\t\t\t\t<div class=\"page\" title=\"Page 1\"><div class=\"section\"><div class=\"layoutArea\"><div class=\"column\"><p><span style=\"color: #000000;\">Afin garantir la qualit\u00e9 de nos traductions, nous collaborons exclusivement avec des traducteurs sp\u00e9cialis\u00e9s que nous connaissons depuis de longue date et que nous consid\u00e9rons comme sp\u00e9cialis\u00e9s dans un domaine de pratique sp\u00e9cifique. De plus, chaque document est v\u00e9rifi\u00e9 par nos soins &#8211; enti\u00e8rement gratuit pour vous.<\/span><\/p><p><span style=\"color: #000000;\">Nos avantages sont des traductions de qualit\u00e9 et leur livraison rapide au client. Nous estampillons \u00e9galement les traductions de vos documents [par exemple, les actes de naissance et de mariage, les passeports, etc.] par nos traducteurs asserment\u00e9s et agr\u00e9\u00e9s.<\/span><\/p><p><span style=\"color: #000000;\">Si vous avez des questions concernant les commandes de traduction, veuillez nous contacter. Vous recevrez un devis abordable.<\/span><\/p><\/div><\/div><div class=\"layoutArea\"><div class=\"column\"><h2><span style=\"color: #000000;\">Nous attendons vos demandes avec plaisir!<\/span><\/h2><\/div><\/div><\/div><\/div>\t\t\t\t\t\t\t\t<\/div>\n\t\t\t\t<\/div>\n\t\t\t\t\t<\/div>\n\t\t<\/div>\n\t\t\t\t<div class=\"elementor-column elementor-col-50 elementor-inner-column elementor-element elementor-element-569d456\" data-id=\"569d456\" data-element_type=\"column\" data-e-type=\"column\">\n\t\t\t<div class=\"elementor-widget-wrap elementor-element-populated\">\n\t\t\t\t\t\t<div class=\"elementor-element elementor-element-f981d09 elementor-widget elementor-widget-image\" data-id=\"f981d09\" data-element_type=\"widget\" data-e-type=\"widget\" data-widget_type=\"image.default\">\n\t\t\t\t<div class=\"elementor-widget-container\">\n\t\t\t\t\t\t\t\t\t\t\t\t\t\t\t<img decoding=\"async\" width=\"720\" height=\"405\" src=\"https:\/\/simonyan-uebersetzungen.de\/fr\/wp-content\/uploads\/sites\/19\/2021\/03\/person-holding-certificate-next-to-wax-seal-1024x576.jpg\" class=\"attachment-large size-large wp-image-386\" alt=\"\" srcset=\"https:\/\/simonyan-uebersetzungen.de\/fr\/wp-content\/uploads\/sites\/19\/2021\/03\/person-holding-certificate-next-to-wax-seal-1024x576.jpg 1024w, https:\/\/simonyan-uebersetzungen.de\/fr\/wp-content\/uploads\/sites\/19\/2021\/03\/person-holding-certificate-next-to-wax-seal-300x169.jpg 300w, https:\/\/simonyan-uebersetzungen.de\/fr\/wp-content\/uploads\/sites\/19\/2021\/03\/person-holding-certificate-next-to-wax-seal-768x432.jpg 768w, https:\/\/simonyan-uebersetzungen.de\/fr\/wp-content\/uploads\/sites\/19\/2021\/03\/person-holding-certificate-next-to-wax-seal-1536x864.jpg 1536w, https:\/\/simonyan-uebersetzungen.de\/fr\/wp-content\/uploads\/sites\/19\/2021\/03\/person-holding-certificate-next-to-wax-seal-2048x1152.jpg 2048w\" sizes=\"(max-width: 720px) 100vw, 720px\" \/>\t\t\t\t\t\t\t\t\t\t\t\t\t\t\t<\/div>\n\t\t\t\t<\/div>\n\t\t\t\t\t<\/div>\n\t\t<\/div>\n\t\t\t\t\t<\/div>\n\t\t<\/section>\n\t\t\t\t\t<\/div>\n\t\t<\/div>\n\t\t\t\t<div class=\"elementor-column elementor-col-33 elementor-top-column elementor-element elementor-element-fe98dc0\" data-id=\"fe98dc0\" data-element_type=\"column\" data-e-type=\"column\">\n\t\t\t<div class=\"elementor-widget-wrap\">\n\t\t\t\t\t\t\t<\/div>\n\t\t<\/div>\n\t\t\t\t\t<\/div>\n\t\t<\/section>\n\t\t\t\t<\/div>\n\t\t","protected":false},"excerpt":{"rendered":"<p>A propos de nous Management Arman SIMONYAN Interpr\u00e8te asserment\u00e9 Traducteur autoris\u00e9 A&amp;L Simonyan Translation Office est une filiale de SIMONYAN Enterprise Company et op\u00e8re depuis 2001. Notre objectif principal est de fournir \u00e0 nos clients des services de traduction rapides et de haute qualit\u00e9. Le service de notre bureau de traduction est sollicit\u00e9 par diverses organisations commerciales, des minist\u00e8res et [&hellip;]<\/p>\n","protected":false},"author":1,"featured_media":0,"parent":0,"menu_order":0,"comment_status":"closed","ping_status":"closed","template":"elementor_header_footer","meta":{"footnotes":""},"class_list":["post-15","page","type-page","status-publish","hentry"],"_links":{"self":[{"href":"https:\/\/simonyan-uebersetzungen.de\/fr\/wp-json\/wp\/v2\/pages\/15","targetHints":{"allow":["GET"]}}],"collection":[{"href":"https:\/\/simonyan-uebersetzungen.de\/fr\/wp-json\/wp\/v2\/pages"}],"about":[{"href":"https:\/\/simonyan-uebersetzungen.de\/fr\/wp-json\/wp\/v2\/types\/page"}],"author":[{"embeddable":true,"href":"https:\/\/simonyan-uebersetzungen.de\/fr\/wp-json\/wp\/v2\/users\/1"}],"replies":[{"embeddable":true,"href":"https:\/\/simonyan-uebersetzungen.de\/fr\/wp-json\/wp\/v2\/comments?post=15"}],"version-history":[{"count":34,"href":"https:\/\/simonyan-uebersetzungen.de\/fr\/wp-json\/wp\/v2\/pages\/15\/revisions"}],"predecessor-version":[{"id":882,"href":"https:\/\/simonyan-uebersetzungen.de\/fr\/wp-json\/wp\/v2\/pages\/15\/revisions\/882"}],"wp:attachment":[{"href":"https:\/\/simonyan-uebersetzungen.de\/fr\/wp-json\/wp\/v2\/media?parent=15"}],"curies":[{"name":"wp","href":"https:\/\/api.w.org\/{rel}","templated":true}]}}