{"id":19,"date":"2021-03-07T15:46:02","date_gmt":"2021-03-07T14:46:02","guid":{"rendered":"https:\/\/simonyan-uebersetzungen.de\/fr\/?page_id=19"},"modified":"2023-04-13T10:58:02","modified_gmt":"2023-04-13T08:58:02","slug":"zasammenarbeit","status":"publish","type":"page","link":"https:\/\/simonyan-uebersetzungen.de\/fr\/zasammenarbeit\/","title":{"rendered":"ZASAMMENARBEIT"},"content":{"rendered":"\t\t<div data-elementor-type=\"wp-page\" data-elementor-id=\"19\" class=\"elementor elementor-19\" data-elementor-settings=\"{&quot;ha_cmc_init_switcher&quot;:&quot;no&quot;}\">\n\t\t\t\t\t\t<section class=\"elementor-section elementor-top-section elementor-element elementor-element-40216920 elementor-section-full_width elementor-section-height-default elementor-section-height-default\" data-id=\"40216920\" data-element_type=\"section\" data-e-type=\"section\" data-settings=\"{&quot;_ha_eqh_enable&quot;:false}\">\n\t\t\t\t\t\t<div class=\"elementor-container elementor-column-gap-default\">\n\t\t\t\t\t<div class=\"elementor-column elementor-col-100 elementor-top-column elementor-element elementor-element-67e88993\" data-id=\"67e88993\" data-element_type=\"column\" data-e-type=\"column\" data-settings=\"{&quot;background_background&quot;:&quot;classic&quot;}\">\n\t\t\t<div class=\"elementor-widget-wrap elementor-element-populated\">\n\t\t\t\t\t\t<div class=\"elementor-element elementor-element-3901a8ef elementor-widget elementor-widget-spacer\" data-id=\"3901a8ef\" data-element_type=\"widget\" data-e-type=\"widget\" data-widget_type=\"spacer.default\">\n\t\t\t\t<div class=\"elementor-widget-container\">\n\t\t\t\t\t\t\t<div class=\"elementor-spacer\">\n\t\t\t<div class=\"elementor-spacer-inner\"><\/div>\n\t\t<\/div>\n\t\t\t\t\t\t<\/div>\n\t\t\t\t<\/div>\n\t\t\t\t<div class=\"elementor-element elementor-element-701e3f31 ha-has-bg-overlay elementor-widget elementor-widget-heading\" data-id=\"701e3f31\" data-element_type=\"widget\" data-e-type=\"widget\" data-widget_type=\"heading.default\">\n\t\t\t\t<div class=\"elementor-widget-container\">\n\t\t\t\t\t<h2 class=\"elementor-heading-title elementor-size-default\">Coop\u00e9ration<\/h2>\t\t\t\t<\/div>\n\t\t\t\t<\/div>\n\t\t\t\t\t<\/div>\n\t\t<\/div>\n\t\t\t\t\t<\/div>\n\t\t<\/section>\n\t\t\t\t<section class=\"elementor-section elementor-top-section elementor-element elementor-element-6e8dbc93 elementor-section-full_width elementor-section-height-default elementor-section-height-default\" data-id=\"6e8dbc93\" data-element_type=\"section\" data-e-type=\"section\" data-settings=\"{&quot;_ha_eqh_enable&quot;:false}\">\n\t\t\t\t\t\t<div class=\"elementor-container elementor-column-gap-extended\">\n\t\t\t\t\t<div class=\"elementor-column elementor-col-100 elementor-top-column elementor-element elementor-element-75d238f2\" data-id=\"75d238f2\" data-element_type=\"column\" data-e-type=\"column\">\n\t\t\t<div class=\"elementor-widget-wrap elementor-element-populated\">\n\t\t\t\t\t\t<section class=\"elementor-section elementor-inner-section elementor-element elementor-element-7e4f1357 elementor-section-boxed elementor-section-height-default elementor-section-height-default\" data-id=\"7e4f1357\" data-element_type=\"section\" data-e-type=\"section\" data-settings=\"{&quot;_ha_eqh_enable&quot;:false}\">\n\t\t\t\t\t\t<div class=\"elementor-container elementor-column-gap-default\">\n\t\t\t\t\t<div class=\"elementor-column elementor-col-100 elementor-inner-column elementor-element elementor-element-4f4c4c37\" data-id=\"4f4c4c37\" data-element_type=\"column\" data-e-type=\"column\">\n\t\t\t<div class=\"elementor-widget-wrap elementor-element-populated\">\n\t\t\t\t\t\t<div class=\"elementor-element elementor-element-42c62e1b elementor-widget elementor-widget-text-editor\" data-id=\"42c62e1b\" data-element_type=\"widget\" data-e-type=\"widget\" data-widget_type=\"text-editor.default\">\n\t\t\t\t<div class=\"elementor-widget-container\">\n\t\t\t\t\t\t\t\t\t<p><span style=\"color: #000000;\">Ind\u00e9pendamment du fait que vous menez des r\u00e9unions dans des langues \u00e9trang\u00e8res, vous souhaitez traduire vos contrats, des informations techniques sur les produits et d\u2019autres informations, des pages Web, des informations sur le secteur d\u2019activit\u00e9, d\u2019autres documents importants dans n\u2019importe quelle langue, ou vous avez besoin de traductions approuv\u00e9es \/ scell\u00e9es \/ par un traducteur, notre bureau de traduction A&amp;L Simonyan est votre partenaire fiable pour l\u2019utilisation de n\u2019importe quelle langue au plus haut niveau.<\/span><\/p><p><span style=\"color: #000000;\">Nous pouvons mettre \u00e0 disposition des traducteurs pour n\u2019importe quelle langue et combinaison de langues, afin de r\u00e9soudre habilement les probl\u00e8mes de traduction qui se posent dans le domaine sp\u00e9cifique dont vous avez besoin.<\/span><\/p><p><span style=\"color: #000000;\">Dans le cas de contrats s\u00e9par\u00e9s ou de textes juridiques, ainsi que de lois et d\u2019accords, et de nombreux autres domaines, nous sommes pr\u00eats \u00e0 mettre \u00e0 votre disposition nos traducteurs exp\u00e9riment\u00e9s.<\/span><\/p><p><span style=\"color: #000000;\">Nos traducteurs sont des professionnels avec de nombreuses ann\u00e9es d\u2019exp\u00e9rience et des locuteurs natifs de combinaisons linguistiques.<\/span><\/p><p><span style=\"color: #000000;\">Nous traduisons chaque document que vous soumettez dans les d\u00e9lais, avec une haute qualit\u00e9, \u00e0 des prix abordables, et nous assurons \u00e9galement la confidentialit\u00e9 de vos donn\u00e9es personnelles et autres donn\u00e9es confidentielles en dehors de notre entreprise, conform\u00e9ment \u00e0 nos conditions de travail, conform\u00e9ment \u00e0 la loi allemande.<\/span><\/p>\t\t\t\t\t\t\t\t<\/div>\n\t\t\t\t<\/div>\n\t\t\t\t\t<\/div>\n\t\t<\/div>\n\t\t\t\t\t<\/div>\n\t\t<\/section>\n\t\t\t\t\t<\/div>\n\t\t<\/div>\n\t\t\t\t\t<\/div>\n\t\t<\/section>\n\t\t\t\t<section class=\"elementor-section elementor-top-section elementor-element elementor-element-4619f23 elementor-section-full_width elementor-section-height-default elementor-section-height-default\" data-id=\"4619f23\" data-element_type=\"section\" data-e-type=\"section\" data-settings=\"{&quot;_ha_eqh_enable&quot;:false}\">\n\t\t\t\t\t\t<div class=\"elementor-container elementor-column-gap-default\">\n\t\t\t\t\t<div class=\"elementor-column elementor-col-50 elementor-top-column elementor-element elementor-element-7000057\" data-id=\"7000057\" data-element_type=\"column\" data-e-type=\"column\" data-settings=\"{&quot;background_background&quot;:&quot;classic&quot;}\">\n\t\t\t<div class=\"elementor-widget-wrap elementor-element-populated\">\n\t\t\t\t\t\t<div class=\"elementor-element elementor-element-14287bee elementor-widget elementor-widget-text-editor\" data-id=\"14287bee\" data-element_type=\"widget\" data-e-type=\"widget\" data-widget_type=\"text-editor.default\">\n\t\t\t\t<div class=\"elementor-widget-container\">\n\t\t\t\t\t\t\t\t\t<div class=\"page\" title=\"Page 1\"><div class=\"section\"><div class=\"layoutArea\"><div class=\"column\"><div class=\"page\" title=\"Page 1\"><div class=\"section\"><div class=\"layoutArea\"><div class=\"column\"><h2><span style=\"color: #ffffff;\">Pour la justice<\/span><\/h2><p><span style=\"color: #ffffff;\">Notre bureau de traduction coop\u00e8re depuis de nombreuses ann\u00e9es avec les tribunaux allemands, la police et d\u2019autres autorit\u00e9s publiques.<\/span><\/p><p><span style=\"color: #ffffff;\">Nous acceptons les commandes critiques \u00e0 court terme.<\/span><\/p><p><span style=\"color: #ffffff;\">Confiance, ponctualit\u00e9, organisation rapide, qualit\u00e9 et travail neutre nous d\u00e9finissent comme un partenaire.<\/span><\/p><\/div><\/div><\/div><\/div><\/div><\/div><\/div><\/div>\t\t\t\t\t\t\t\t<\/div>\n\t\t\t\t<\/div>\n\t\t\t\t\t<\/div>\n\t\t<\/div>\n\t\t\t\t<div class=\"elementor-column elementor-col-50 elementor-top-column elementor-element elementor-element-07a2302\" data-id=\"07a2302\" data-element_type=\"column\" data-e-type=\"column\" data-settings=\"{&quot;background_background&quot;:&quot;classic&quot;}\">\n\t\t\t<div class=\"elementor-widget-wrap\">\n\t\t\t\t\t\t\t<\/div>\n\t\t<\/div>\n\t\t\t\t\t<\/div>\n\t\t<\/section>\n\t\t\t\t<section class=\"elementor-section elementor-top-section elementor-element elementor-element-15e5c32 elementor-section-full_width elementor-section-height-default elementor-section-height-default\" data-id=\"15e5c32\" data-element_type=\"section\" data-e-type=\"section\" data-settings=\"{&quot;background_background&quot;:&quot;classic&quot;,&quot;_ha_eqh_enable&quot;:false}\">\n\t\t\t\t\t\t<div class=\"elementor-container elementor-column-gap-default\">\n\t\t\t\t\t<div class=\"elementor-column elementor-col-50 elementor-top-column elementor-element elementor-element-7d33d98\" data-id=\"7d33d98\" data-element_type=\"column\" data-e-type=\"column\" data-settings=\"{&quot;background_background&quot;:&quot;classic&quot;}\">\n\t\t\t<div class=\"elementor-widget-wrap\">\n\t\t\t\t\t\t\t<\/div>\n\t\t<\/div>\n\t\t\t\t<div class=\"elementor-column elementor-col-50 elementor-top-column elementor-element elementor-element-23eda58\" data-id=\"23eda58\" data-element_type=\"column\" data-e-type=\"column\" data-settings=\"{&quot;background_background&quot;:&quot;classic&quot;}\">\n\t\t\t<div class=\"elementor-widget-wrap elementor-element-populated\">\n\t\t\t\t\t\t<div class=\"elementor-element elementor-element-9959284 elementor-widget elementor-widget-text-editor\" data-id=\"9959284\" data-element_type=\"widget\" data-e-type=\"widget\" data-widget_type=\"text-editor.default\">\n\t\t\t\t<div class=\"elementor-widget-container\">\n\t\t\t\t\t\t\t\t\t<div title=\"Page 1\"><div><div><div><div title=\"Page 1\"><div><div><div><div title=\"Page 1\"><div><div><div><h2><span style=\"color: #ffffff;\">Pour les entreprises<\/span><\/h2><p><span style=\"color: #ffffff;\">Dans les r\u00e9unions internationales et les consultations d\u2019affaires, les interpr\u00e8tes sont la pierre angulaire de la communication et de la connexion entre les personnes. Nous vous proposons \u00e9galement des services de traduction pour les n\u00e9gociations, les r\u00e9unions au sein de l\u2019entreprise, les visites chez les partenaires dans les domaines d\u2019activit\u00e9 et autres.<\/span><\/p><p><span style=\"color: #ffffff;\">Dans les r\u00e9unions internationales et les consultations d\u2019affaires, les interpr\u00e8tes sont la pierre angulaire de la communication et de la connexion entre les personnes. Nous vous proposons \u00e9galement des services de traduction pour les n\u00e9gociations, les r\u00e9unions au sein de l\u2019entreprise, les visites chez les partenaires dans les domaines d\u2019activit\u00e9 et autres.<\/span><\/p><p><span style=\"color: #ffffff;\">En collaboration avec nos traducteurs, nous sommes en mesure d\u2019effectuer des commandes de traduction \u00e0 court terme de tr\u00e8s haute qualit\u00e9 \u00e0 des prix abordables dans les domaines suivants ;<\/span><\/p><p><span style=\"color: #ffffff;\">1. g\u00e9nie m\u00e9canique g\u00e9n\u00e9ral<\/span><\/p><p><span style=\"color: #ffffff;\">2. industrie chimique g\u00e9n\u00e9rale<\/span><\/p><p><span style=\"color: #ffffff;\">3. industrie \u00e9lectronique g\u00e9n\u00e9rale<\/span><\/p><p><span style=\"color: #ffffff;\">4. industrie g\u00e9n\u00e9rale des m\u00e9taux<\/span><\/p><p><span style=\"color: #ffffff;\">5. tourisme<\/span><\/p><p><span style=\"color: #ffffff;\">6. sciences<\/span><\/p><p><span style=\"color: #ffffff;\">7. autres secteurs industriels<\/span><\/p><p><span style=\"color: #ffffff;\">Si vous recevez des invit\u00e9s de l\u2019\u00e9tranger et avez besoin d\u2019un interpr\u00e8te, nous pouvons vous assister. Nous traduisons \u00e9galement les pages Web de votre entreprise et approuvons volontiers vos contrats, documents, etc.<\/span><\/p><\/div><\/div><\/div><\/div><\/div><\/div><\/div><\/div><\/div><\/div><\/div><\/div>\t\t\t\t\t\t\t\t<\/div>\n\t\t\t\t<\/div>\n\t\t\t\t<div class=\"elementor-element elementor-element-961adcb elementor-widget elementor-widget-text-editor\" data-id=\"961adcb\" data-element_type=\"widget\" data-e-type=\"widget\" data-widget_type=\"text-editor.default\">\n\t\t\t\t<div class=\"elementor-widget-container\">\n\t\t\t\t\t\t\t\t\t<div class=\"page\" title=\"Page 1\"><div class=\"section\"><div class=\"layoutArea\"><div class=\"column\"><span style=\"color: #ffffff;\">Le type et la taille des pr\u00e9sentations et des r\u00e9unions d\u00e9terminent la forme d\u2019interpr\u00e9tation la plus appropri\u00e9e \u00e0 utiliser des interpr\u00e9tations cons\u00e9cutives\/interrompues\/simultan\u00e9es ou interpr\u00e9tations n\u00e9goci\u00e9es.<\/span><p><span style=\"color: #ffffff;\">Si votre entreprise souhaite coop\u00e9rer avec des entreprises allemandes, nous vous sugg\u00e9rons de visiter notre page Web suivante : www.simonyan-engineering.com &amp; www.simonyan-nonwoven.com<\/span><br \/><span style=\"color: #ffffff;\">Nous serons heureux de coop\u00e9rer avec vous.<\/span><\/p><\/div><\/div><\/div><\/div>\t\t\t\t\t\t\t\t<\/div>\n\t\t\t\t<\/div>\n\t\t\t\t\t<\/div>\n\t\t<\/div>\n\t\t\t\t\t<\/div>\n\t\t<\/section>\n\t\t\t\t<\/div>\n\t\t","protected":false},"excerpt":{"rendered":"<p>Coop\u00e9ration Ind\u00e9pendamment du fait que vous menez des r\u00e9unions dans des langues \u00e9trang\u00e8res, vous souhaitez traduire vos contrats, des informations techniques sur les produits et d\u2019autres informations, des pages Web, des informations sur le secteur d\u2019activit\u00e9, d\u2019autres documents importants dans n\u2019importe quelle langue, ou vous avez besoin de traductions approuv\u00e9es \/ scell\u00e9es \/ par un traducteur, notre bureau de traduction [&hellip;]<\/p>\n","protected":false},"author":1,"featured_media":0,"parent":0,"menu_order":0,"comment_status":"closed","ping_status":"closed","template":"elementor_header_footer","meta":{"footnotes":""},"class_list":["post-19","page","type-page","status-publish","hentry"],"_links":{"self":[{"href":"https:\/\/simonyan-uebersetzungen.de\/fr\/wp-json\/wp\/v2\/pages\/19","targetHints":{"allow":["GET"]}}],"collection":[{"href":"https:\/\/simonyan-uebersetzungen.de\/fr\/wp-json\/wp\/v2\/pages"}],"about":[{"href":"https:\/\/simonyan-uebersetzungen.de\/fr\/wp-json\/wp\/v2\/types\/page"}],"author":[{"embeddable":true,"href":"https:\/\/simonyan-uebersetzungen.de\/fr\/wp-json\/wp\/v2\/users\/1"}],"replies":[{"embeddable":true,"href":"https:\/\/simonyan-uebersetzungen.de\/fr\/wp-json\/wp\/v2\/comments?post=19"}],"version-history":[{"count":31,"href":"https:\/\/simonyan-uebersetzungen.de\/fr\/wp-json\/wp\/v2\/pages\/19\/revisions"}],"predecessor-version":[{"id":851,"href":"https:\/\/simonyan-uebersetzungen.de\/fr\/wp-json\/wp\/v2\/pages\/19\/revisions\/851"}],"wp:attachment":[{"href":"https:\/\/simonyan-uebersetzungen.de\/fr\/wp-json\/wp\/v2\/media?parent=19"}],"curies":[{"name":"wp","href":"https:\/\/api.w.org\/{rel}","templated":true}]}}