{"id":25,"date":"2021-03-07T15:48:56","date_gmt":"2021-03-07T14:48:56","guid":{"rendered":"https:\/\/simonyan-uebersetzungen.de\/fr\/?page_id=25"},"modified":"2023-04-13T10:29:27","modified_gmt":"2023-04-13T08:29:27","slug":"job","status":"publish","type":"page","link":"https:\/\/simonyan-uebersetzungen.de\/fr\/job\/","title":{"rendered":"JOB"},"content":{"rendered":"\t\t<div data-elementor-type=\"wp-page\" data-elementor-id=\"25\" class=\"elementor elementor-25\" data-elementor-settings=\"{&quot;ha_cmc_init_switcher&quot;:&quot;no&quot;}\">\n\t\t\t\t\t\t<section class=\"elementor-section elementor-top-section elementor-element elementor-element-43ed7e88 elementor-section-full_width elementor-section-height-default elementor-section-height-default\" data-id=\"43ed7e88\" data-element_type=\"section\" data-e-type=\"section\" data-settings=\"{&quot;_ha_eqh_enable&quot;:false}\">\n\t\t\t\t\t\t<div class=\"elementor-container elementor-column-gap-default\">\n\t\t\t\t\t<div class=\"elementor-column elementor-col-100 elementor-top-column elementor-element elementor-element-5bca0fd4\" data-id=\"5bca0fd4\" data-element_type=\"column\" data-e-type=\"column\" data-settings=\"{&quot;background_background&quot;:&quot;classic&quot;}\">\n\t\t\t<div class=\"elementor-widget-wrap elementor-element-populated\">\n\t\t\t\t\t\t<div class=\"elementor-element elementor-element-4e320b6a elementor-widget elementor-widget-spacer\" data-id=\"4e320b6a\" data-element_type=\"widget\" data-e-type=\"widget\" data-widget_type=\"spacer.default\">\n\t\t\t\t<div class=\"elementor-widget-container\">\n\t\t\t\t\t\t\t<div class=\"elementor-spacer\">\n\t\t\t<div class=\"elementor-spacer-inner\"><\/div>\n\t\t<\/div>\n\t\t\t\t\t\t<\/div>\n\t\t\t\t<\/div>\n\t\t\t\t<div class=\"elementor-element elementor-element-aa8564b ha-has-bg-overlay elementor-widget elementor-widget-heading\" data-id=\"aa8564b\" data-element_type=\"widget\" data-e-type=\"widget\" data-widget_type=\"heading.default\">\n\t\t\t\t<div class=\"elementor-widget-container\">\n\t\t\t\t\t<h2 class=\"elementor-heading-title elementor-size-default\">Travail<\/h2>\t\t\t\t<\/div>\n\t\t\t\t<\/div>\n\t\t\t\t\t<\/div>\n\t\t<\/div>\n\t\t\t\t\t<\/div>\n\t\t<\/section>\n\t\t\t\t<section class=\"elementor-section elementor-top-section elementor-element elementor-element-b85316e elementor-section-full_width elementor-section-height-default elementor-section-height-default\" data-id=\"b85316e\" data-element_type=\"section\" data-e-type=\"section\" data-settings=\"{&quot;_ha_eqh_enable&quot;:false}\">\n\t\t\t\t\t\t<div class=\"elementor-container elementor-column-gap-extended\">\n\t\t\t\t\t<div class=\"elementor-column elementor-col-100 elementor-top-column elementor-element elementor-element-eeb573\" data-id=\"eeb573\" data-element_type=\"column\" data-e-type=\"column\">\n\t\t\t<div class=\"elementor-widget-wrap elementor-element-populated\">\n\t\t\t\t\t\t<section class=\"elementor-section elementor-inner-section elementor-element elementor-element-5c9a365b elementor-section-boxed elementor-section-height-default elementor-section-height-default\" data-id=\"5c9a365b\" data-element_type=\"section\" data-e-type=\"section\" data-settings=\"{&quot;_ha_eqh_enable&quot;:false}\">\n\t\t\t\t\t\t<div class=\"elementor-container elementor-column-gap-default\">\n\t\t\t\t\t<div class=\"elementor-column elementor-col-50 elementor-inner-column elementor-element elementor-element-41466749\" data-id=\"41466749\" data-element_type=\"column\" data-e-type=\"column\">\n\t\t\t<div class=\"elementor-widget-wrap elementor-element-populated\">\n\t\t\t\t\t\t<div class=\"elementor-element elementor-element-3e08f8a0 elementor-widget elementor-widget-text-editor\" data-id=\"3e08f8a0\" data-element_type=\"widget\" data-e-type=\"widget\" data-widget_type=\"text-editor.default\">\n\t\t\t\t<div class=\"elementor-widget-container\">\n\t\t\t\t\t\t\t\t\t<div title=\"Page 1\"><div><div><div><p><span style=\"color: #000000;\">Si vous souhaitez travailler avec nous, veuillez nous envoyer les documents suivants par voie \u00e9lectronique\u00a0:<\/span><\/p><ol><li><span style=\"color: #000000;\">Votre biographie<\/span><\/li><li><span style=\"color: #000000;\">Votre photo<\/span><\/li><li><span style=\"color: #000000;\">Une note sur vos r\u00e9alisations professionnelles<\/span><\/li><\/ol><p><span style=\"color: #000000;\">Si vous avez de l\u2019exp\u00e9rience en traduction et que vous pouvez fournir un travail de haute qualit\u00e9 gr\u00e2ce \u00e0 vos comp\u00e9tences linguistiques, nous serons heureux de faire votre connaissance.<\/span><\/p><p><span style=\"color: #000000;\">T\u00e9l: +49 0211 261 065 63 &amp; +49 2103 99 40 480 <\/span><br \/><span style=\"color: #000000;\">T\u00e9l\u00e9copie: +49 2103 97 880 86<\/span><br \/><span style=\"color: #000000;\">N\u00b0 de portable: +49 176 219 98 271<\/span><br \/><span style=\"color: #000000;\">info (at) simonyan-uebersetzungen.de<\/span><br \/><span style=\"color: #000000;\">www.simonyan-uebersetzungen.de<\/span><\/p><\/div><\/div><\/div><\/div>\t\t\t\t\t\t\t\t<\/div>\n\t\t\t\t<\/div>\n\t\t\t\t\t<\/div>\n\t\t<\/div>\n\t\t\t\t<div class=\"elementor-column elementor-col-50 elementor-inner-column elementor-element elementor-element-29a5a8d\" data-id=\"29a5a8d\" data-element_type=\"column\" data-e-type=\"column\">\n\t\t\t<div class=\"elementor-widget-wrap elementor-element-populated\">\n\t\t\t\t\t\t<div class=\"elementor-element elementor-element-046f870 elementor-widget elementor-widget-image\" data-id=\"046f870\" data-element_type=\"widget\" data-e-type=\"widget\" data-widget_type=\"image.default\">\n\t\t\t\t<div class=\"elementor-widget-container\">\n\t\t\t\t\t\t\t\t\t\t\t\t\t\t\t<img fetchpriority=\"high\" decoding=\"async\" width=\"720\" height=\"331\" src=\"https:\/\/simonyan-uebersetzungen.de\/fr\/wp-content\/uploads\/sites\/19\/2021\/04\/human-resources-people-networking-concept-1024x471.jpg\" class=\"attachment-large size-large wp-image-675\" alt=\"\" srcset=\"https:\/\/simonyan-uebersetzungen.de\/fr\/wp-content\/uploads\/sites\/19\/2021\/04\/human-resources-people-networking-concept-1024x471.jpg 1024w, https:\/\/simonyan-uebersetzungen.de\/fr\/wp-content\/uploads\/sites\/19\/2021\/04\/human-resources-people-networking-concept-300x138.jpg 300w, https:\/\/simonyan-uebersetzungen.de\/fr\/wp-content\/uploads\/sites\/19\/2021\/04\/human-resources-people-networking-concept-768x354.jpg 768w, https:\/\/simonyan-uebersetzungen.de\/fr\/wp-content\/uploads\/sites\/19\/2021\/04\/human-resources-people-networking-concept-1536x707.jpg 1536w, https:\/\/simonyan-uebersetzungen.de\/fr\/wp-content\/uploads\/sites\/19\/2021\/04\/human-resources-people-networking-concept-2048x943.jpg 2048w\" sizes=\"(max-width: 720px) 100vw, 720px\" \/>\t\t\t\t\t\t\t\t\t\t\t\t\t\t\t<\/div>\n\t\t\t\t<\/div>\n\t\t\t\t\t<\/div>\n\t\t<\/div>\n\t\t\t\t\t<\/div>\n\t\t<\/section>\n\t\t\t\t\t<\/div>\n\t\t<\/div>\n\t\t\t\t\t<\/div>\n\t\t<\/section>\n\t\t\t\t<\/div>\n\t\t","protected":false},"excerpt":{"rendered":"<p>Travail Si vous souhaitez travailler avec nous, veuillez nous envoyer les documents suivants par voie \u00e9lectronique\u00a0: Votre biographie Votre photo Une note sur vos r\u00e9alisations professionnelles Si vous avez de l\u2019exp\u00e9rience en traduction et que vous pouvez fournir un travail de haute qualit\u00e9 gr\u00e2ce \u00e0 vos comp\u00e9tences linguistiques, nous serons heureux de faire votre connaissance. T\u00e9l: +49 0211 261 065 [&hellip;]<\/p>\n","protected":false},"author":1,"featured_media":0,"parent":0,"menu_order":0,"comment_status":"closed","ping_status":"closed","template":"elementor_header_footer","meta":{"footnotes":""},"class_list":["post-25","page","type-page","status-publish","hentry"],"_links":{"self":[{"href":"https:\/\/simonyan-uebersetzungen.de\/fr\/wp-json\/wp\/v2\/pages\/25","targetHints":{"allow":["GET"]}}],"collection":[{"href":"https:\/\/simonyan-uebersetzungen.de\/fr\/wp-json\/wp\/v2\/pages"}],"about":[{"href":"https:\/\/simonyan-uebersetzungen.de\/fr\/wp-json\/wp\/v2\/types\/page"}],"author":[{"embeddable":true,"href":"https:\/\/simonyan-uebersetzungen.de\/fr\/wp-json\/wp\/v2\/users\/1"}],"replies":[{"embeddable":true,"href":"https:\/\/simonyan-uebersetzungen.de\/fr\/wp-json\/wp\/v2\/comments?post=25"}],"version-history":[{"count":32,"href":"https:\/\/simonyan-uebersetzungen.de\/fr\/wp-json\/wp\/v2\/pages\/25\/revisions"}],"predecessor-version":[{"id":827,"href":"https:\/\/simonyan-uebersetzungen.de\/fr\/wp-json\/wp\/v2\/pages\/25\/revisions\/827"}],"wp:attachment":[{"href":"https:\/\/simonyan-uebersetzungen.de\/fr\/wp-json\/wp\/v2\/media?parent=25"}],"curies":[{"name":"wp","href":"https:\/\/api.w.org\/{rel}","templated":true}]}}