{"id":15,"date":"2021-03-07T15:45:15","date_gmt":"2021-03-07T14:45:15","guid":{"rendered":"https:\/\/simonyan-uebersetzungen.de\/it\/?page_id=15"},"modified":"2021-07-25T20:37:04","modified_gmt":"2021-07-25T18:37:04","slug":"ueber-uns","status":"publish","type":"page","link":"https:\/\/simonyan-uebersetzungen.de\/it\/ueber-uns\/","title":{"rendered":"Qui\u00e9nes somos"},"content":{"rendered":"\t\t<div data-elementor-type=\"wp-page\" data-elementor-id=\"15\" class=\"elementor elementor-15\" data-elementor-settings=\"{&quot;ha_cmc_init_switcher&quot;:&quot;no&quot;}\">\n\t\t\t\t\t\t<section class=\"elementor-section elementor-top-section elementor-element elementor-element-485fdbe elementor-section-full_width elementor-section-height-default elementor-section-height-default\" data-id=\"485fdbe\" data-element_type=\"section\" data-e-type=\"section\" data-settings=\"{&quot;_ha_eqh_enable&quot;:false}\">\n\t\t\t\t\t\t<div class=\"elementor-container elementor-column-gap-default\">\n\t\t\t\t\t<div class=\"elementor-column elementor-col-100 elementor-top-column elementor-element elementor-element-21d36ba\" data-id=\"21d36ba\" data-element_type=\"column\" data-e-type=\"column\" data-settings=\"{&quot;background_background&quot;:&quot;classic&quot;}\">\n\t\t\t<div class=\"elementor-widget-wrap elementor-element-populated\">\n\t\t\t\t\t\t<div class=\"elementor-element elementor-element-4c9f483 elementor-widget elementor-widget-spacer\" data-id=\"4c9f483\" data-element_type=\"widget\" data-e-type=\"widget\" data-widget_type=\"spacer.default\">\n\t\t\t\t<div class=\"elementor-widget-container\">\n\t\t\t\t\t\t\t<div class=\"elementor-spacer\">\n\t\t\t<div class=\"elementor-spacer-inner\"><\/div>\n\t\t<\/div>\n\t\t\t\t\t\t<\/div>\n\t\t\t\t<\/div>\n\t\t\t\t<div class=\"elementor-element elementor-element-60cefc3 ha-has-bg-overlay elementor-widget elementor-widget-heading\" data-id=\"60cefc3\" data-element_type=\"widget\" data-e-type=\"widget\" data-widget_type=\"heading.default\">\n\t\t\t\t<div class=\"elementor-widget-container\">\n\t\t\t\t\t<h2 class=\"elementor-heading-title elementor-size-default\">Qui\u00e9nes somos<\/h2>\t\t\t\t<\/div>\n\t\t\t\t<\/div>\n\t\t\t\t\t<\/div>\n\t\t<\/div>\n\t\t\t\t\t<\/div>\n\t\t<\/section>\n\t\t\t\t<section class=\"elementor-section elementor-top-section elementor-element elementor-element-50986de elementor-section-full_width elementor-section-height-default elementor-section-height-default\" data-id=\"50986de\" data-element_type=\"section\" data-e-type=\"section\" data-settings=\"{&quot;_ha_eqh_enable&quot;:false}\">\n\t\t\t\t\t\t<div class=\"elementor-container elementor-column-gap-extended\">\n\t\t\t\t\t<div class=\"elementor-column elementor-col-33 elementor-top-column elementor-element elementor-element-32421af\" data-id=\"32421af\" data-element_type=\"column\" data-e-type=\"column\" data-settings=\"{&quot;background_background&quot;:&quot;classic&quot;}\">\n\t\t\t<div class=\"elementor-widget-wrap elementor-element-populated\">\n\t\t\t\t\t\t<div class=\"elementor-element elementor-element-cee3e23 elementor-widget elementor-widget-text-editor\" data-id=\"cee3e23\" data-element_type=\"widget\" data-e-type=\"widget\" data-widget_type=\"text-editor.default\">\n\t\t\t\t<div class=\"elementor-widget-container\">\n\t\t\t\t\t\t\t\t\t<div class=\"page\" title=\"Page 1\"><div class=\"section\"><div class=\"layoutArea\"><div class=\"column\"><h3>Direcci\u00f3n<\/h3><\/div><\/div><\/div><\/div>\t\t\t\t\t\t\t\t<\/div>\n\t\t\t\t<\/div>\n\t\t\t\t<div class=\"elementor-element elementor-element-4cbfcf9 elementor-widget elementor-widget-image\" data-id=\"4cbfcf9\" data-element_type=\"widget\" data-e-type=\"widget\" data-widget_type=\"image.default\">\n\t\t\t\t<div class=\"elementor-widget-container\">\n\t\t\t\t\t\t\t\t\t\t\t\t\t\t\t<img fetchpriority=\"high\" decoding=\"async\" width=\"199\" height=\"300\" src=\"https:\/\/simonyan-uebersetzungen.de\/it\/wp-content\/uploads\/sites\/8\/2021\/03\/77-199x300-1.jpg\" class=\"attachment-full size-full wp-image-387\" alt=\"\" \/>\t\t\t\t\t\t\t\t\t\t\t\t\t\t\t<\/div>\n\t\t\t\t<\/div>\n\t\t\t\t<div class=\"elementor-element elementor-element-4f0ec21 elementor-widget elementor-widget-text-editor\" data-id=\"4f0ec21\" data-element_type=\"widget\" data-e-type=\"widget\" data-widget_type=\"text-editor.default\">\n\t\t\t\t<div class=\"elementor-widget-container\">\n\t\t\t\t\t\t\t\t\t<div class=\"page\" title=\"Page 1\"><div class=\"section\"><div class=\"layoutArea\"><div class=\"column\"><h4>Arman SIMONYAN<\/h4><div class=\"page\" title=\"Page 1\"><div class=\"section\"><div class=\"layoutArea\"><div class=\"column\"><p><strong><span style=\"color: #000000;\">Int\u00e9rpretes jurado<br \/>Traductores autorizados<br \/><\/span><\/strong><\/p><\/div><\/div><\/div><\/div><\/div><\/div><\/div><\/div>\t\t\t\t\t\t\t\t<\/div>\n\t\t\t\t<\/div>\n\t\t\t\t\t<\/div>\n\t\t<\/div>\n\t\t\t\t<div class=\"elementor-column elementor-col-33 elementor-top-column elementor-element elementor-element-dbd1246\" data-id=\"dbd1246\" data-element_type=\"column\" data-e-type=\"column\">\n\t\t\t<div class=\"elementor-widget-wrap elementor-element-populated\">\n\t\t\t\t\t\t<section class=\"elementor-section elementor-inner-section elementor-element elementor-element-6e8f09a elementor-section-boxed elementor-section-height-default elementor-section-height-default\" data-id=\"6e8f09a\" data-element_type=\"section\" data-e-type=\"section\" data-settings=\"{&quot;_ha_eqh_enable&quot;:false}\">\n\t\t\t\t\t\t<div class=\"elementor-container elementor-column-gap-default\">\n\t\t\t\t\t<div class=\"elementor-column elementor-col-100 elementor-inner-column elementor-element elementor-element-9cae703\" data-id=\"9cae703\" data-element_type=\"column\" data-e-type=\"column\">\n\t\t\t<div class=\"elementor-widget-wrap elementor-element-populated\">\n\t\t\t\t\t\t<div class=\"elementor-element elementor-element-394189e elementor-widget elementor-widget-text-editor\" data-id=\"394189e\" data-element_type=\"widget\" data-e-type=\"widget\" data-widget_type=\"text-editor.default\">\n\t\t\t\t<div class=\"elementor-widget-container\">\n\t\t\t\t\t\t\t\t\t<div class=\"page\" title=\"Page 1\"><div class=\"section\"><div class=\"layoutArea\"><div class=\"column\"><p><span style=\"color: #000000;\">La agencia de traducci\u00f3n e interpretaci\u00f3n A&amp;L Simonyan es una empresa filial perteneciente al grupo Simonyan fundada en el a\u00f1o 2001.<\/span><span style=\"color: #000000;\"> Nuestro principal objetivo es ofrecer a nuestro cliente un impecable servicio caracterizado por la mayor velocidad, calidad y puntualidad. Numerosas organizaciones y entidades comerciales acuden a nuestros servicios.<\/span><span style=\"color: #000000;\"> Nuestros clientes empresariales pertenecen, entre otros, a industrias y sectores del \u00e1mbito de la ingenier\u00eda mec\u00e1nica, pl\u00e1stico, automotriz, textil, qu\u00edmica, medicina, tecnolog\u00eda de filtraci\u00f3n, ingenier\u00eda de procesos, derecho, finanzas, as\u00ed como de la industria del embalaje, bebidas y alimentos. Nos dedicamos, por ejemplo, a la traducci\u00f3n de manuales, acuerdos de cooperaci\u00f3n internacional junto con su pertinente correspondencia, informes anuales, ofertas, documentaci\u00f3n t\u00e9cnica, planos de construcci\u00f3n, p\u00e1ginas web y mucho m\u00e1s.<\/span><\/p><\/div><\/div><\/div><\/div>\t\t\t\t\t\t\t\t<\/div>\n\t\t\t\t<\/div>\n\t\t\t\t\t<\/div>\n\t\t<\/div>\n\t\t\t\t\t<\/div>\n\t\t<\/section>\n\t\t\t\t<section class=\"elementor-section elementor-inner-section elementor-element elementor-element-533153a elementor-section-boxed elementor-section-height-default elementor-section-height-default\" data-id=\"533153a\" data-element_type=\"section\" data-e-type=\"section\" data-settings=\"{&quot;_ha_eqh_enable&quot;:false}\">\n\t\t\t\t\t\t<div class=\"elementor-container elementor-column-gap-default\">\n\t\t\t\t\t<div class=\"elementor-column elementor-col-50 elementor-inner-column elementor-element elementor-element-8b3d522\" data-id=\"8b3d522\" data-element_type=\"column\" data-e-type=\"column\">\n\t\t\t<div class=\"elementor-widget-wrap elementor-element-populated\">\n\t\t\t\t\t\t<div class=\"elementor-element elementor-element-08c0a10 elementor-widget elementor-widget-text-editor\" data-id=\"08c0a10\" data-element_type=\"widget\" data-e-type=\"widget\" data-widget_type=\"text-editor.default\">\n\t\t\t\t<div class=\"elementor-widget-container\">\n\t\t\t\t\t\t\t\t\t<p><span style=\"color: #000000;\">Para asegurar la calidad de nuestros servicios de traducci\u00f3n trabajamos exclusivamente con traductores profesionales que conocemos muy bien y que consideramos altamente cualificados para la traducci\u00f3n en \u00e1mbitos espec\u00edficos.<\/span><span style=\"color: #000000;\"> Adem\u00e1s, se revisar\u00e1 internamente y de forma gratuita cada documento antes de su entrega. Nuestro punto fuerte son las traducciones de calidad, r\u00e1pidas y puntuales. Por supuesto, certificamos tambi\u00e9n la traducci\u00f3n de sus documentos (tales como certificados de nacimiento y matrimonio, pasaportes, etc.) gracias a la labor de nuestra traductora jurada autorizada.<\/span><\/p>\n<p><span style=\"color: #000000;\">Si tiene alguna duda, \u00a1p\u00f3ngase en contacto con nosotros! Le haremos una oferta asequible y personalizada.<\/span><\/p>\n<p><span style=\"color: #000000;\">\u00a1Vale la pena preguntar!<\/span><\/p>\t\t\t\t\t\t\t\t<\/div>\n\t\t\t\t<\/div>\n\t\t\t\t\t<\/div>\n\t\t<\/div>\n\t\t\t\t<div class=\"elementor-column elementor-col-50 elementor-inner-column elementor-element elementor-element-569d456\" data-id=\"569d456\" data-element_type=\"column\" data-e-type=\"column\">\n\t\t\t<div class=\"elementor-widget-wrap elementor-element-populated\">\n\t\t\t\t\t\t<div class=\"elementor-element elementor-element-f981d09 elementor-widget elementor-widget-image\" data-id=\"f981d09\" data-element_type=\"widget\" data-e-type=\"widget\" data-widget_type=\"image.default\">\n\t\t\t\t<div class=\"elementor-widget-container\">\n\t\t\t\t\t\t\t\t\t\t\t\t\t\t\t<img decoding=\"async\" width=\"720\" height=\"405\" src=\"https:\/\/simonyan-uebersetzungen.de\/it\/wp-content\/uploads\/sites\/8\/2021\/03\/person-holding-certificate-next-to-wax-seal-1024x576.jpg\" class=\"attachment-large size-large wp-image-386\" alt=\"\" srcset=\"https:\/\/simonyan-uebersetzungen.de\/it\/wp-content\/uploads\/sites\/8\/2021\/03\/person-holding-certificate-next-to-wax-seal-1024x576.jpg 1024w, https:\/\/simonyan-uebersetzungen.de\/it\/wp-content\/uploads\/sites\/8\/2021\/03\/person-holding-certificate-next-to-wax-seal-300x169.jpg 300w, https:\/\/simonyan-uebersetzungen.de\/it\/wp-content\/uploads\/sites\/8\/2021\/03\/person-holding-certificate-next-to-wax-seal-768x432.jpg 768w, https:\/\/simonyan-uebersetzungen.de\/it\/wp-content\/uploads\/sites\/8\/2021\/03\/person-holding-certificate-next-to-wax-seal-1536x864.jpg 1536w, https:\/\/simonyan-uebersetzungen.de\/it\/wp-content\/uploads\/sites\/8\/2021\/03\/person-holding-certificate-next-to-wax-seal-2048x1152.jpg 2048w\" sizes=\"(max-width: 720px) 100vw, 720px\" \/>\t\t\t\t\t\t\t\t\t\t\t\t\t\t\t<\/div>\n\t\t\t\t<\/div>\n\t\t\t\t\t<\/div>\n\t\t<\/div>\n\t\t\t\t\t<\/div>\n\t\t<\/section>\n\t\t\t\t\t<\/div>\n\t\t<\/div>\n\t\t\t\t<div class=\"elementor-column elementor-col-33 elementor-top-column elementor-element elementor-element-fe98dc0\" data-id=\"fe98dc0\" data-element_type=\"column\" data-e-type=\"column\">\n\t\t\t<div class=\"elementor-widget-wrap\">\n\t\t\t\t\t\t\t<\/div>\n\t\t<\/div>\n\t\t\t\t\t<\/div>\n\t\t<\/section>\n\t\t\t\t<\/div>\n\t\t","protected":false},"excerpt":{"rendered":"<p>Qui\u00e9nes somos Direcci\u00f3n Arman SIMONYAN Int\u00e9rpretes juradoTraductores autorizados La agencia de traducci\u00f3n e interpretaci\u00f3n A&amp;L Simonyan es una empresa filial perteneciente al grupo Simonyan fundada en el a\u00f1o 2001. Nuestro principal objetivo es ofrecer a nuestro cliente un impecable servicio caracterizado por la mayor velocidad, calidad y puntualidad. Numerosas organizaciones y entidades comerciales acuden a nuestros servicios. Nuestros clientes empresariales [&hellip;]<\/p>\n","protected":false},"author":1,"featured_media":0,"parent":0,"menu_order":0,"comment_status":"closed","ping_status":"closed","template":"elementor_header_footer","meta":{"footnotes":""},"class_list":["post-15","page","type-page","status-publish","hentry"],"_links":{"self":[{"href":"https:\/\/simonyan-uebersetzungen.de\/it\/wp-json\/wp\/v2\/pages\/15","targetHints":{"allow":["GET"]}}],"collection":[{"href":"https:\/\/simonyan-uebersetzungen.de\/it\/wp-json\/wp\/v2\/pages"}],"about":[{"href":"https:\/\/simonyan-uebersetzungen.de\/it\/wp-json\/wp\/v2\/types\/page"}],"author":[{"embeddable":true,"href":"https:\/\/simonyan-uebersetzungen.de\/it\/wp-json\/wp\/v2\/users\/1"}],"replies":[{"embeddable":true,"href":"https:\/\/simonyan-uebersetzungen.de\/it\/wp-json\/wp\/v2\/comments?post=15"}],"version-history":[{"count":48,"href":"https:\/\/simonyan-uebersetzungen.de\/it\/wp-json\/wp\/v2\/pages\/15\/revisions"}],"predecessor-version":[{"id":902,"href":"https:\/\/simonyan-uebersetzungen.de\/it\/wp-json\/wp\/v2\/pages\/15\/revisions\/902"}],"wp:attachment":[{"href":"https:\/\/simonyan-uebersetzungen.de\/it\/wp-json\/wp\/v2\/media?parent=15"}],"curies":[{"name":"wp","href":"https:\/\/api.w.org\/{rel}","templated":true}]}}