{"id":19,"date":"2021-03-07T15:46:02","date_gmt":"2021-03-07T14:46:02","guid":{"rendered":"https:\/\/simonyan-uebersetzungen.de\/it\/?page_id=19"},"modified":"2021-07-25T21:01:08","modified_gmt":"2021-07-25T19:01:08","slug":"zasammenarbeit","status":"publish","type":"page","link":"https:\/\/simonyan-uebersetzungen.de\/it\/zasammenarbeit\/","title":{"rendered":"Trabajo en equipo"},"content":{"rendered":"\t\t<div data-elementor-type=\"wp-page\" data-elementor-id=\"19\" class=\"elementor elementor-19\" data-elementor-settings=\"{&quot;ha_cmc_init_switcher&quot;:&quot;no&quot;}\">\n\t\t\t\t\t\t<section class=\"elementor-section elementor-top-section elementor-element elementor-element-40216920 elementor-section-full_width elementor-section-height-default elementor-section-height-default\" data-id=\"40216920\" data-element_type=\"section\" data-e-type=\"section\" data-settings=\"{&quot;_ha_eqh_enable&quot;:false}\">\n\t\t\t\t\t\t<div class=\"elementor-container elementor-column-gap-default\">\n\t\t\t\t\t<div class=\"elementor-column elementor-col-100 elementor-top-column elementor-element elementor-element-67e88993\" data-id=\"67e88993\" data-element_type=\"column\" data-e-type=\"column\" data-settings=\"{&quot;background_background&quot;:&quot;classic&quot;}\">\n\t\t\t<div class=\"elementor-widget-wrap elementor-element-populated\">\n\t\t\t\t\t\t<div class=\"elementor-element elementor-element-3901a8ef elementor-widget elementor-widget-spacer\" data-id=\"3901a8ef\" data-element_type=\"widget\" data-e-type=\"widget\" data-widget_type=\"spacer.default\">\n\t\t\t\t<div class=\"elementor-widget-container\">\n\t\t\t\t\t\t\t<div class=\"elementor-spacer\">\n\t\t\t<div class=\"elementor-spacer-inner\"><\/div>\n\t\t<\/div>\n\t\t\t\t\t\t<\/div>\n\t\t\t\t<\/div>\n\t\t\t\t<div class=\"elementor-element elementor-element-701e3f31 ha-has-bg-overlay elementor-widget elementor-widget-heading\" data-id=\"701e3f31\" data-element_type=\"widget\" data-e-type=\"widget\" data-widget_type=\"heading.default\">\n\t\t\t\t<div class=\"elementor-widget-container\">\n\t\t\t\t\t<h2 class=\"elementor-heading-title elementor-size-default\">Trabajo en equipo<\/h2>\t\t\t\t<\/div>\n\t\t\t\t<\/div>\n\t\t\t\t\t<\/div>\n\t\t<\/div>\n\t\t\t\t\t<\/div>\n\t\t<\/section>\n\t\t\t\t<section class=\"elementor-section elementor-top-section elementor-element elementor-element-6e8dbc93 elementor-section-full_width elementor-section-height-default elementor-section-height-default\" data-id=\"6e8dbc93\" data-element_type=\"section\" data-e-type=\"section\" data-settings=\"{&quot;_ha_eqh_enable&quot;:false}\">\n\t\t\t\t\t\t<div class=\"elementor-container elementor-column-gap-extended\">\n\t\t\t\t\t<div class=\"elementor-column elementor-col-100 elementor-top-column elementor-element elementor-element-75d238f2\" data-id=\"75d238f2\" data-element_type=\"column\" data-e-type=\"column\">\n\t\t\t<div class=\"elementor-widget-wrap elementor-element-populated\">\n\t\t\t\t\t\t<section class=\"elementor-section elementor-inner-section elementor-element elementor-element-7e4f1357 elementor-section-boxed elementor-section-height-default elementor-section-height-default\" data-id=\"7e4f1357\" data-element_type=\"section\" data-e-type=\"section\" data-settings=\"{&quot;_ha_eqh_enable&quot;:false}\">\n\t\t\t\t\t\t<div class=\"elementor-container elementor-column-gap-default\">\n\t\t\t\t\t<div class=\"elementor-column elementor-col-100 elementor-inner-column elementor-element elementor-element-4f4c4c37\" data-id=\"4f4c4c37\" data-element_type=\"column\" data-e-type=\"column\">\n\t\t\t<div class=\"elementor-widget-wrap elementor-element-populated\">\n\t\t\t\t\t\t<div class=\"elementor-element elementor-element-42c62e1b elementor-widget elementor-widget-text-editor\" data-id=\"42c62e1b\" data-element_type=\"widget\" data-e-type=\"widget\" data-widget_type=\"text-editor.default\">\n\t\t\t\t<div class=\"elementor-widget-container\">\n\t\t\t\t\t\t\t\t\t<div class=\"page\" title=\"Page 1\"><div class=\"section\"><div class=\"layoutArea\"><div class=\"column\"><div class=\"page\" title=\"Page 1\"><div class=\"section\"><div class=\"layoutArea\"><div class=\"column\"><p><span style=\"color: #000000;\">Tanto si necesita manejar su correspondencia en idiomas extranjeros y traducir contratos, informaci\u00f3n sobre productos, informes anuales o manuales, como presentar su p\u00e1gina web en un idioma extranjero, o bien, necesita una traducci\u00f3n certificada, somos su mejor opci\u00f3n en servicios ling\u00fc\u00edsticos al m\u00e1s alto nivel: int\u00e9rpretes para reuniones comerciales, negociaciones y vistas.<\/span><\/p><p><span style=\"color: #000000;\">Para contratos, t\u00e9rminos y condiciones generales, textos legales y muchos otros temas dentro del \u00e1mbito del derecho y los contratos, nuestros traductores experimentados ofrecen traducciones profesionales.<\/span><span style=\"color: #000000;\"> Nuestros traductores, como hablantes nativos con varios a\u00f1os de experiencia profesional, otorgan absoluta importancia a una traducci\u00f3n fiel al texto original con el fin de evitar cambiar el significado de un contrato.<\/span><\/p><p><span style=\"color: #000000;\">Confiabilidad y precisi\u00f3n son nuestras principales pautas.<\/span><\/p><\/div><\/div><\/div><\/div><\/div><\/div><\/div><\/div>\t\t\t\t\t\t\t\t<\/div>\n\t\t\t\t<\/div>\n\t\t\t\t\t<\/div>\n\t\t<\/div>\n\t\t\t\t\t<\/div>\n\t\t<\/section>\n\t\t\t\t\t<\/div>\n\t\t<\/div>\n\t\t\t\t\t<\/div>\n\t\t<\/section>\n\t\t\t\t<section class=\"elementor-section elementor-top-section elementor-element elementor-element-4619f23 elementor-section-full_width elementor-section-height-default elementor-section-height-default\" data-id=\"4619f23\" data-element_type=\"section\" data-e-type=\"section\" data-settings=\"{&quot;_ha_eqh_enable&quot;:false}\">\n\t\t\t\t\t\t<div class=\"elementor-container elementor-column-gap-default\">\n\t\t\t\t\t<div class=\"elementor-column elementor-col-50 elementor-top-column elementor-element elementor-element-7000057\" data-id=\"7000057\" data-element_type=\"column\" data-e-type=\"column\" data-settings=\"{&quot;background_background&quot;:&quot;classic&quot;}\">\n\t\t\t<div class=\"elementor-widget-wrap elementor-element-populated\">\n\t\t\t\t\t\t<div class=\"elementor-element elementor-element-14287bee elementor-widget elementor-widget-text-editor\" data-id=\"14287bee\" data-element_type=\"widget\" data-e-type=\"widget\" data-widget_type=\"text-editor.default\">\n\t\t\t\t<div class=\"elementor-widget-container\">\n\t\t\t\t\t\t\t\t\t<div class=\"page\" title=\"Page 1\"><div class=\"section\"><div class=\"layoutArea\"><div class=\"column\"><div class=\"page\" title=\"Page 1\"><div class=\"section\"><div class=\"layoutArea\"><div class=\"column\"><h2><span style=\"color: #ffffff;\">Para la justicia<\/span><\/h2><span style=\"color: #ffffff;\">Durante a\u00f1os, nuestra agencia ha trabajado mano a mano con el poder judicial alem\u00e1n, la polic\u00eda y otras autoridades estatales. Somos muy flexibles y aceptamos encargos importantes a corto plazo. La confianza, la fiabilidad, la puntualidad, la r\u00e1pida organizaci\u00f3n y el trabajo independiente y de calidad nos distinguen como socios. Siempre estaremos encantados de ayudarle. Esperamos su llamada.<\/span> <\/div><\/div><\/div><\/div><\/div><\/div><\/div><\/div>\t\t\t\t\t\t\t\t<\/div>\n\t\t\t\t<\/div>\n\t\t\t\t\t<\/div>\n\t\t<\/div>\n\t\t\t\t<div class=\"elementor-column elementor-col-50 elementor-top-column elementor-element elementor-element-07a2302\" data-id=\"07a2302\" data-element_type=\"column\" data-e-type=\"column\" data-settings=\"{&quot;background_background&quot;:&quot;classic&quot;}\">\n\t\t\t<div class=\"elementor-widget-wrap\">\n\t\t\t\t\t\t\t<\/div>\n\t\t<\/div>\n\t\t\t\t\t<\/div>\n\t\t<\/section>\n\t\t\t\t<section class=\"elementor-section elementor-top-section elementor-element elementor-element-15e5c32 elementor-section-full_width elementor-section-height-default elementor-section-height-default\" data-id=\"15e5c32\" data-element_type=\"section\" data-e-type=\"section\" data-settings=\"{&quot;background_background&quot;:&quot;classic&quot;,&quot;_ha_eqh_enable&quot;:false}\">\n\t\t\t\t\t\t<div class=\"elementor-container elementor-column-gap-default\">\n\t\t\t\t\t<div class=\"elementor-column elementor-col-50 elementor-top-column elementor-element elementor-element-7d33d98\" data-id=\"7d33d98\" data-element_type=\"column\" data-e-type=\"column\" data-settings=\"{&quot;background_background&quot;:&quot;classic&quot;}\">\n\t\t\t<div class=\"elementor-widget-wrap\">\n\t\t\t\t\t\t\t<\/div>\n\t\t<\/div>\n\t\t\t\t<div class=\"elementor-column elementor-col-50 elementor-top-column elementor-element elementor-element-23eda58\" data-id=\"23eda58\" data-element_type=\"column\" data-e-type=\"column\" data-settings=\"{&quot;background_background&quot;:&quot;classic&quot;}\">\n\t\t\t<div class=\"elementor-widget-wrap elementor-element-populated\">\n\t\t\t\t\t\t<div class=\"elementor-element elementor-element-9959284 elementor-widget elementor-widget-text-editor\" data-id=\"9959284\" data-element_type=\"widget\" data-e-type=\"widget\" data-widget_type=\"text-editor.default\">\n\t\t\t\t<div class=\"elementor-widget-container\">\n\t\t\t\t\t\t\t\t\t<div class=\"page\" title=\"Page 1\"><div class=\"section\"><div class=\"layoutArea\"><div class=\"column\"><div class=\"page\" title=\"Page 1\"><div class=\"section\"><div class=\"layoutArea\"><div class=\"column\"><div class=\"page\" title=\"Page 1\"><div class=\"section\"><div class=\"layoutArea\"><div class=\"column\"><h2><span style=\"color: #ffffff;\">Para empresas<\/span><\/h2><p><span style=\"color: #ffffff;\"><strong>Le entregamos traducciones de buena calidad, asequibles y a corto plazo en diversos sectores empresariales, como, por ejemplo:<br \/>1. Construcci\u00f3n de maquinaria<br \/>2. Industria qu\u00edmica general<br \/>3. Industria el\u00e9ctrica general<br \/>4. Industria del metal en general<br \/>5. Turismo<br \/>6. Ciencia<br \/>7. Otras ramas de la industria<\/strong><\/span><\/p><\/div><\/div><\/div><\/div><\/div><\/div><\/div><\/div><\/div><\/div><\/div><\/div>\t\t\t\t\t\t\t\t<\/div>\n\t\t\t\t<\/div>\n\t\t\t\t<div class=\"elementor-element elementor-element-961adcb elementor-widget elementor-widget-text-editor\" data-id=\"961adcb\" data-element_type=\"widget\" data-e-type=\"widget\" data-widget_type=\"text-editor.default\">\n\t\t\t\t<div class=\"elementor-widget-container\">\n\t\t\t\t\t\t\t\t\t<div class=\"page\" title=\"Page 1\"><div class=\"section\"><div class=\"layoutArea\"><div class=\"column\"><span style=\"color: #ffffff;\">Adem\u00e1s, traducimos sus p\u00e1ginas web completas y certificamos contratos, documentos, documentaci\u00f3n importante, etc. <\/span><br \/><span style=\"color: #ffffff;\">Si tiene invitados procedentes del extranjero y necesita un int\u00e9rprete, nos complacer\u00e1 estar a su disposici\u00f3n. Los int\u00e9rpretes proporcionar\u00e1n comprensi\u00f3n y facilitar\u00e1n el acuerdo en eventos y conferencias internacionales. Tambi\u00e9n ofrecemos int\u00e9rpretes, por ejemplo, durante negociaciones, visitas a f\u00e1bricas, visitas de socios o para su stand en ferias comerciales. El tama\u00f1o y la naturaleza del evento determinar\u00e1n qu\u00e9 tipo de interpretaci\u00f3n (consecutiva, simult\u00e1nea o de enlace) resulta m\u00e1s conveniente en cada caso.<\/span><\/div><div><span style=\"color: #ffffff;\">Si su empresa desea establecer relaciones comerciales en los mercados de la CEI (RUSIA), eche un vistazo a nuestra otra direcci\u00f3n web:<\/span><br \/><span style=\"color: #ffffff;\">www.simonyan-company.com<\/span><br \/><span style=\"color: #ffffff;\">Estamos a su disposici\u00f3n.<\/span><br \/><span style=\"color: #ffffff;\">Esperamos su llamada.<\/span><\/div><\/div><\/div><\/div>\t\t\t\t\t\t\t\t<\/div>\n\t\t\t\t<\/div>\n\t\t\t\t\t<\/div>\n\t\t<\/div>\n\t\t\t\t\t<\/div>\n\t\t<\/section>\n\t\t\t\t<\/div>\n\t\t","protected":false},"excerpt":{"rendered":"<p>Trabajo en equipo Tanto si necesita manejar su correspondencia en idiomas extranjeros y traducir contratos, informaci\u00f3n sobre productos, informes anuales o manuales, como presentar su p\u00e1gina web en un idioma extranjero, o bien, necesita una traducci\u00f3n certificada, somos su mejor opci\u00f3n en servicios ling\u00fc\u00edsticos al m\u00e1s alto nivel: int\u00e9rpretes para reuniones comerciales, negociaciones y vistas. Para contratos, t\u00e9rminos y condiciones [&hellip;]<\/p>\n","protected":false},"author":1,"featured_media":0,"parent":0,"menu_order":0,"comment_status":"closed","ping_status":"closed","template":"elementor_header_footer","meta":{"footnotes":""},"class_list":["post-19","page","type-page","status-publish","hentry"],"_links":{"self":[{"href":"https:\/\/simonyan-uebersetzungen.de\/it\/wp-json\/wp\/v2\/pages\/19","targetHints":{"allow":["GET"]}}],"collection":[{"href":"https:\/\/simonyan-uebersetzungen.de\/it\/wp-json\/wp\/v2\/pages"}],"about":[{"href":"https:\/\/simonyan-uebersetzungen.de\/it\/wp-json\/wp\/v2\/types\/page"}],"author":[{"embeddable":true,"href":"https:\/\/simonyan-uebersetzungen.de\/it\/wp-json\/wp\/v2\/users\/1"}],"replies":[{"embeddable":true,"href":"https:\/\/simonyan-uebersetzungen.de\/it\/wp-json\/wp\/v2\/comments?post=19"}],"version-history":[{"count":39,"href":"https:\/\/simonyan-uebersetzungen.de\/it\/wp-json\/wp\/v2\/pages\/19\/revisions"}],"predecessor-version":[{"id":937,"href":"https:\/\/simonyan-uebersetzungen.de\/it\/wp-json\/wp\/v2\/pages\/19\/revisions\/937"}],"wp:attachment":[{"href":"https:\/\/simonyan-uebersetzungen.de\/it\/wp-json\/wp\/v2\/media?parent=19"}],"curies":[{"name":"wp","href":"https:\/\/api.w.org\/{rel}","templated":true}]}}